{"id":118,"date":"2022-06-08T12:12:17","date_gmt":"2022-06-08T12:12:17","guid":{"rendered":"https:\/\/reysema.es\/www\/?page_id=118"},"modified":"2022-06-08T12:12:17","modified_gmt":"2022-06-08T12:12:17","slug":"politica-de-privacidad","status":"publish","type":"page","link":"https:\/\/reysema.es\/www\/politica-de-privacidad\/","title":{"rendered":"Pol\u00edtica de Privacidad"},"content":{"rendered":"\n<p><strong><em>POL\u00cdTICA DE PRIVACIDAD<\/em><\/strong><\/p>\n\n\n\n<ol class=\"wp-block-list\"><li><strong><em>RESPONSABLE DE LOS DATOS<\/em><\/strong><\/li><\/ol>\n\n\n\n<p>REYSEMA MANTENIMIENTO INTEGRAL, S.L. (en adelante, \u201cREYSEMA\u201d) con CIF B87333803 y domicilio en C\/ Cardenal Cisneros 4, 28860, Paracuellos del Jarama (Madrid), es el responsable de este sitio web (<a href=\"http:\/\/www.reysema.es\/\">www.reysema.es<\/a> ) y de todos los datos recabados en \u00e9l.<\/p>\n\n\n\n<p>REYSEMA es consciente de la importancia de la privacidad de los datos de car\u00e1cter personal y por ello, ha implementado una pol\u00edtica de tratamiento de datos orientada a proveer la m\u00e1xima seguridad en el uso y recogida de los mismos, garantizando el cumplimiento de la normativa vigente en la materia y configurando dicha pol\u00edtica como uno de los pilares b\u00e1sicos en las l\u00edneas de actuaci\u00f3n de la entidad. En este sentido, queremos garantizarle que estamos comprometidos con la protecci\u00f3n de sus datos por lo que hemos adoptado las medidas necesarias para evitar posibles da\u00f1os o p\u00e9rdidas de los datos.<\/p>\n\n\n\n<p>Esta Pol\u00edtica de Privacidad, tiene por objeto facilitarle la informaci\u00f3n necesaria en relaci\u00f3n con el tratamiento que realizamos de los datos recabados as\u00ed como los derechos que le asisten, en virtud del cumplimiento por parte de REYSEMA del Reglamento 2016\/679 del Parlamento Europeo y del Consejo de 27 de abril de 2016 (RGPD) y dem\u00e1s normativa relativa a la protecci\u00f3n de los datos personales.<\/p>\n\n\n\n<p>Entendemos que si visita nuestro sitio web, es porque acepta la presente pol\u00edtica de privacidad por lo que le invitamos a que la lea detenidamente, y en el supuesto de no estar de acuerdo, no podr\u00e1 navegar, visitar ni utilizar nuestro sitio web.<\/p>\n\n\n\n<ol class=\"wp-block-list\" start=\"2\"><li><strong><em>\u00bfQU\u00c9 DATOS RECOGEMOS Y PARA QU\u00c9?<\/em><\/strong><\/li><\/ol>\n\n\n\n<p>REYSEMA recoge la IP a trav\u00e9s de cookies (ver Pol\u00edtica de cookies en nuestro <strong><u>Aviso Legal<\/u><\/strong>) para realizar an\u00e1lisis estad\u00edsticos y monitorizaci\u00f3n del funcionamiento del sitio web. Esta informaci\u00f3n se trata de modo que no se puede identificar a la persona tras la IP y la finalidad es monitorizar el correcto funcionamiento de la p\u00e1gina y saber, por ejemplo, qu\u00e9 productos, servicios, apartados o noticias del sitio web han gustado m\u00e1s.<\/p>\n\n\n\n<p>Durante la navegaci\u00f3n a trav\u00e9s del sitio web es posible que se soliciten datos de car\u00e1cter personal a trav\u00e9s de diferentes formularios dispuestos al efecto. Dichos datos formar\u00e1n parte de los pertinentes ficheros en funci\u00f3n de la finalidad determinada y concreta que motiva el recabo de los mismos.<\/p>\n\n\n\n<p>De esta forma, la informaci\u00f3n particular de cada tratamiento de datos se aportar\u00e1 junto a cada formulario web, siendo com\u00fan a todos ellos el responsable del tratamiento, indicado anteriormente, el lugar y forma de ejercicio de los derechos de acceso, rectificaci\u00f3n, supresi\u00f3n, portabilidad de sus datos, as\u00ed como de limitaci\u00f3n u oposici\u00f3n a su tratamiento, que deber\u00e1 formalizarse mediante una comunicaci\u00f3n escrita a la direcci\u00f3n indicada en el punto anterior o a trav\u00e9s del correo electr\u00f3nico <a href=\"mailto:administraci\u00f3n.canarias@reysema.es\">administraci\u00f3n.canarias@reysema.es<\/a>, incluyendo copia del DNI o documento identificativo equivalente.<\/p>\n\n\n\n<p>En el supuesto de que aporte sus datos a trav\u00e9s de un mensaje de correo electr\u00f3nico, el mismo formar\u00e1 parte de un fichero cuya finalidad ser\u00e1 la gesti\u00f3n de la solicitud o comentario que nos realiza, siendo aplicables el resto de extremos indicados en el p\u00e1rrafo anterior.<\/p>\n\n\n\n<p>Asimismo, las condiciones generales de contrataci\u00f3n de los servicios de REYSEMA contienen las caracter\u00edsticas y naturaleza del tratamiento de los datos que ser\u00e1n desarrollados por la misma en el supuesto de que contrate cualquiera de ellos.<\/p>\n\n\n\n<p>La informaci\u00f3n que nos facilita cuando de forma voluntaria cumplimenta alguno de nuestros formularios la tratamos con las finalidades y legitimaci\u00f3n que indicamos a continuaci\u00f3n:<\/p>\n\n\n\n<p><strong>Formulario de contacto<\/strong><\/p>\n\n\n\n<p><strong>&nbsp;Datos<\/strong><\/p>\n\n\n\n<p>Identificativos y de contacto.<\/p>\n\n\n\n<p><strong>&nbsp;Finalidades<\/strong><\/p>\n\n\n\n<p>Tramitar la consulta\/solicitud por usted planteada.<\/p>\n\n\n\n<p>Remitirle a trav\u00e9s de cualquier medio, incluidos los electr\u00f3nicos, informaci\u00f3n comercial sobre productos y servicios propios o de terceros y\/o felicitaciones navide\u00f1as o similares.<\/p>\n\n\n\n<p><strong>&nbsp;Legitimaci\u00f3n<\/strong><\/p>\n\n\n\n<p>La base legal para el tratamiento de sus datos est\u00e1 basada en el inter\u00e9s leg\u00edtimo para la tramitaci\u00f3n de su consulta, y para el env\u00edo de publicidad, en el consentimiento que a estos efectos le hemos solicitado o en el inter\u00e9s leg\u00edtimo en supuestos concretos, como por ejemplo cuando le remit\u00edamos informaci\u00f3n comercial desde hac\u00eda un tiempo inform\u00e1ndole en cada comunicaci\u00f3n de que pod\u00eda retirar su consentimiento para recibir dicha publicidad de un modo sencillo que pon\u00edamos a su disposici\u00f3n y sin embargo Ud. no ha retirado tal consentimiento.<\/p>\n\n\n\n<p><strong>Formulario de CV<\/strong><\/p>\n\n\n\n<p><strong>Datos<\/strong><\/p>\n\n\n\n<p>Identificativos y de contacto, de caracter\u00edsticas personales, de circunstancias sociales, acad\u00e9micos y profesionales y de detalle de empleo.<\/p>\n\n\n\n<p><strong>&nbsp;Finalidades<\/strong><\/p>\n\n\n\n<p>Tramitar su solicitud como participante en los procesos de selecci\u00f3n de la entidad.<\/p>\n\n\n\n<p><strong>&nbsp;Legitimaci\u00f3n<\/strong><\/p>\n\n\n\n<p>La base legal para el tratamiento de sus datos est\u00e1 basada en el consentimiento que a estos efectos le hemos solicitado en el propio formulario.<\/p>\n\n\n\n<p><strong>&nbsp;Legitimaci\u00f3n<\/strong><\/p>\n\n\n\n<p>La base legal para el tratamiento de sus datos est\u00e1 basada en la ejecuci\u00f3n de un contrato (Bases Legales \/ Condiciones Generales del servicio contratado) y para el env\u00edo de publicidad, en el consentimiento que a estos efectos le hemos solicitado o en el inter\u00e9s leg\u00edtimo en supuestos concretos, como por ejemplo cuando le remit\u00edamos informaci\u00f3n comercial desde hac\u00eda un tiempo inform\u00e1ndole en cada comunicaci\u00f3n de que pod\u00eda retirar su consentimiento para recibir dicha publicidad de un modo sencillo que pon\u00edamos a su disposici\u00f3n y sin embargo Ud. no ha retirado tal consentimiento.<\/p>\n\n\n\n<ol class=\"wp-block-list\" start=\"3\"><li><strong><em>\u00bfCOMUNICAMOS LOS DATOS A ALG\u00daN TERCERO?<\/em><\/strong><\/li><\/ol>\n\n\n\n<p>REYSEMA \u00fanicamente comunicar\u00e1 datos a terceros cuando efectivamente est\u00e9 legitimado para ello, como ocurre en los siguientes supuestos:<\/p>\n\n\n\n<p>Obligaci\u00f3n legal: Por ejemplo si resulta necesario facilitar los datos a la Administraci\u00f3n P\u00fablica (Administraci\u00f3n Tributaria o Cuerpos y Fuerzas de Seguridad).<\/p>\n\n\n\n<p>Ejecuci\u00f3n de contrato: Por ejemplo, para la gesti\u00f3n de sorteos\/concursos tendremos que comunicarle datos a terceros con los que organizamos o colaboramos para la gesti\u00f3n del sorteo\/concurso (por ejemplo, para enviar el premio).<\/p>\n\n\n\n<p>Consentimiento: Por ejemplo, cuando nos haya dado consentimiento para facilitar sus datos a otras entidades del grupo empresarial.<\/p>\n\n\n\n<p>REYSEMA tiene Encargados del tratamiento, es decir proveedores que pueden acceder a datos para poder prestar el servicio contratado, pero que \u00fanicamente acceder\u00e1n a dichos datos para las finalidades indicadas por REYSEMA para la prestaci\u00f3n del servicio (por ejemplo, servicios inform\u00e1ticos o de marketing).<\/p>\n\n\n\n<ol class=\"wp-block-list\" start=\"4\"><li><strong><em>\u00bfCU\u00c1NTO TIEMPO CONSERVAREMOS SUS DATOS?<\/em><\/strong><\/li><\/ol>\n\n\n\n<p><em>REYSEMA conservar\u00e1 sus datos \u00fanicamente mientras resulte necesario para la finalidad para la que fueron recabados.<\/em><\/p>\n\n\n\n<p>Sus datos personales se conservar\u00e1n mientras se mantenga el servicio contratado, la respuesta a su consulta o el proceso de selecci\u00f3n en que participa, y para la finalidad de env\u00edo de publicidad, mientras no se oponga o revoque el consentimiento para ello, en cuyo caso, los datos se suprimir\u00e1n, entendiendo supresi\u00f3n como bloqueo de los mismos, en este sentido, los datos bloqueados quedar\u00e1n a disposici\u00f3n exclusiva del tribunal, el Ministerio Fiscal u otras Administraciones P\u00fablicas competentes, en particular de las autoridades de protecci\u00f3n de datos, para la exigencia de posibles responsabilidades derivadas del tratamiento y por el plazo de prescripci\u00f3n de las mismas.<\/p>\n\n\n\n<ol class=\"wp-block-list\" start=\"5\"><li><strong><em>MEDIDAS DE SEGURIDAD<\/em><\/strong><\/li><\/ol>\n\n\n\n<p>REYSEMA ha implantado las medidas t\u00e9cnicas y organizativas necesarias para evitar la p\u00e9rdida, mal uso, alteraci\u00f3n, acceso no autorizado y robo de los Datos Personales que los interesados pudieran facilitar como consecuencia del acceso a las diferentes secciones del website aplicando las medidas de seguridad contempladas en el Reglamento (UE) 2016\/679 del Parlamento Europeo y del Consejo, de 27 de abril de 2016, relativo a la protecci\u00f3n de las personas f\u00edsicas en lo que respecta al tratamiento de datos personales y a la libre circulaci\u00f3n de estos datos (Reglamento General de Protecci\u00f3n de Datos &#8211; RGPD) y las derivadas del correspondiente an\u00e1lisis de riesgos.<\/p>\n\n\n\n<ol class=\"wp-block-list\" start=\"6\"><li><strong><em>TRANSFERENCIAS INTERNACIONALES<\/em><\/strong><\/li><\/ol>\n\n\n\n<p><em>REYSEMA no van a realizar transferencias internacionales de datos fuera de la Uni\u00f3n Europea o con nivel adecuado de protecci\u00f3n de datos declarado por la Comisi\u00f3n Europea.<\/em><\/p>\n\n\n\n<ol class=\"wp-block-list\" start=\"7\"><li><strong><em>LINKS A OTRAS P\u00c1GINAS<\/em><\/strong><\/li><\/ol>\n\n\n\n<p><em>La presente pol\u00edtica de privacidad se aplica, como le hemos informado anteriormente, a nuestro sitio web, pero le advertimos de que no es aplicable a otras p\u00e1ginas a las que pueda acceder a trav\u00e9s de enlaces a p\u00e1ginas de terceros, por lo que le instamos a que lea detenidamente las pol\u00edticas de privacidad de esos otros sitios web a los que acceda, incluso aunque haya accedido a dicha web mediante enlace en nuestro web.<\/em><\/p>\n\n\n\n<ol class=\"wp-block-list\" start=\"8\"><li><strong><em>DERECHOS<\/em><\/strong><\/li><\/ol>\n\n\n\n<p><em>REYSEMA le informa a continuaci\u00f3n de sus derechos y del modo de ejercitarlos. En este sentido, le informamos de que le daremos respuesta en el plazo m\u00e1ximo de 1 mes desde que lo recibamos:<\/em><\/p>\n\n\n\n<p><strong>Derecho de acceso<\/strong><\/p>\n\n\n\n<p>Los titulares de los datos pueden solicitar informaci\u00f3n sobre si tenemos datos suyos, y en caso afirmativo, qu\u00e9 datos tenemos, para qu\u00e9 los utilizamos, si se han comunicado a terceros, etc.<\/p>\n\n\n\n<p><strong>Derecho de rectificaci\u00f3n<\/strong><\/p>\n\n\n\n<p>Los titulares de los datos pueden solicitar la modificaci\u00f3n de los datos que sean inexactos o contengan errores.<\/p>\n\n\n\n<p><strong>Derecho de oposici\u00f3n<\/strong><\/p>\n\n\n\n<p>Los titulares de los datos pueden oponerse en cualquier momento a que sus datos personales sean objeto de tratamiento.<\/p>\n\n\n\n<p><strong>Derecho de supresi\u00f3n<\/strong><\/p>\n\n\n\n<p>Los titulares de los datos pueden solicitar la supresi\u00f3n de sus datos por ejemplo cuando haya finalizado la finalidad para la que fueron recabados.<\/p>\n\n\n\n<p><strong>Derecho a no ser objeto de decisiones individualizadas<\/strong><\/p>\n\n\n\n<p>Los titulares de los datos tienen derecho a no ser objeto de una decisi\u00f3n basada \u00fanicamente en el tratamiento automatizado, incluida la elaboraci\u00f3n de perfiles, y pueden solicitar que sea una persona la que tome tal decisi\u00f3n.<\/p>\n\n\n\n<p><strong>Retirar el consentimiento<\/strong><\/p>\n\n\n\n<p>Los titulares de los datos pueden retirar en cualquier momento, el consentimiento que hayan facilitado.<\/p>\n\n\n\n<p><strong>Derecho a presentar una queja ante la Agencia Espa\u00f1ola de Protecci\u00f3n de Datos<\/strong><\/p>\n\n\n\n<p>Si usted considera que sus derechos han sido vulnerados, podr\u00e1 interponer una reclamaci\u00f3n ante la Agencia Espa\u00f1ola de Protecci\u00f3n de Datos, con domicilio en calle Jorge Juan 6, 28001 de Madrid, tel\u00e9fono 901 100 099, y sitio web <a href=\"http:\/\/www.agpd.es\/\">www.agpd.es<\/a>.<\/p>\n\n\n\n<ol class=\"wp-block-list\" start=\"9\"><li><strong><em>MENORES<\/em><\/strong><\/li><\/ol>\n\n\n\n<p><em>Nuestros sitios web est\u00e1n dirigidos a mayores de edad, por lo que al cumplimentar cualquier formulario de recogida de datos de nuestro sitio web, Ud. garantiza que es mayor de 18 a\u00f1os y ser\u00e1 enteramente responsable en este sentido. A estos efectos podremos requerirle su DNI o documento acreditativo equivalente en cualquier momento. En este sentido, animamos a padres y tutores a que supervisen las actividades electr\u00f3nicas de sus hijos, por ejemplo, mediante el uso de herramientas de control parental que ayudan a proporcionar un entorno electr\u00f3nico seguro para los menores.<\/em><\/p>\n\n\n\n<ol class=\"wp-block-list\" start=\"10\"><li><strong><em>CONTACTO<\/em><\/strong><\/li><\/ol>\n\n\n\n<p><em>Si quiere contactar con nosotros para cualquier asunto relacionado con la protecci\u00f3n de datos de car\u00e1cter personal, env\u00ede un correo electr\u00f3nico a <a href=\"http:\/\/administraci\u00f3n.canarias@reysema.es\">administraci\u00f3n.canarias@reysema.es<\/a><\/em><\/p>\n\n\n\n<ol class=\"wp-block-list\" start=\"11\"><li><strong><em>ACTUALIZACIONES<\/em><\/strong><\/li><\/ol>\n\n\n\n<p><em>Si en el futuro se produjeran cambios en nuestra Pol\u00edtica de Privacidad que pudieran afectar a sus datos personales le comunicaremos dichos cambios, que tendr\u00e1n validez desde el momento en el que sean anunciados.<\/em><\/p>\n\n\n\n<p>Pol\u00edtica de Privacidad actualizada a fecha 25 de octubre de 2018.<\/p>\n\n\n\n<p>Reysema, S.L.&nbsp;&nbsp;&nbsp;&nbsp;&nbsp;&nbsp;&nbsp;<em><a href=\"https:\/\/www.reysema.es\/web\"><u>Empresa |<\/u><\/a> <a href=\"http:\/\/www.reysema.es\/web\/POLITICA DE GESTION REYSEMA.pdf\" target=\"_blank\" rel=\"noreferrer noopener\"><u>Pol\u00edtica de Calidad <\/u><\/a>| <a href=\"https:\/\/www.reysema.es\/web\/certificado_calidad.pdf\"><u>Certificado de Calidad <\/u><\/a>|&nbsp;<a href=\"https:\/\/www.reysema.es\/web\"><u>Servicios<\/u><\/a> |&nbsp;<a href=\"https:\/\/www.reysema.es\/web\"><u>Clientes<\/u><\/a>|&nbsp;<a href=\"http:\/\/reysema.es\/web\/?page_id=16\"><u>Contacto<\/u><\/a>|&nbsp;<u>Cookies<\/u><\/em><\/p>\n","protected":false},"excerpt":{"rendered":"<p>POL\u00cdTICA DE PRIVACIDAD RESPONSABLE DE LOS DATOS REYSEMA MANTENIMIENTO INTEGRAL, S.L. (en adelante, \u201cREYSEMA\u201d) con CIF B87333803 y domicilio en C\/ Cardenal Cisneros 4, 28860, Paracuellos del Jarama (Madrid), es el responsable<a class=\"moretag\" href=\"https:\/\/reysema.es\/www\/politica-de-privacidad\/\">Leer m\u00e1s&#8230;<\/a><\/p>\n","protected":false},"author":1,"featured_media":0,"parent":0,"menu_order":0,"comment_status":"closed","ping_status":"closed","template":"","meta":{"footnotes":""},"class_list":["post-118","page","type-page","status-publish","hentry"],"_links":{"self":[{"href":"https:\/\/reysema.es\/www\/wp-json\/wp\/v2\/pages\/118","targetHints":{"allow":["GET"]}}],"collection":[{"href":"https:\/\/reysema.es\/www\/wp-json\/wp\/v2\/pages"}],"about":[{"href":"https:\/\/reysema.es\/www\/wp-json\/wp\/v2\/types\/page"}],"author":[{"embeddable":true,"href":"https:\/\/reysema.es\/www\/wp-json\/wp\/v2\/users\/1"}],"replies":[{"embeddable":true,"href":"https:\/\/reysema.es\/www\/wp-json\/wp\/v2\/comments?post=118"}],"version-history":[{"count":2,"href":"https:\/\/reysema.es\/www\/wp-json\/wp\/v2\/pages\/118\/revisions"}],"predecessor-version":[{"id":229,"href":"https:\/\/reysema.es\/www\/wp-json\/wp\/v2\/pages\/118\/revisions\/229"}],"wp:attachment":[{"href":"https:\/\/reysema.es\/www\/wp-json\/wp\/v2\/media?parent=118"}],"curies":[{"name":"wp","href":"https:\/\/api.w.org\/{rel}","templated":true}]}}